{"id":486,"date":"2018-04-27T15:22:51","date_gmt":"2018-04-27T13:22:51","guid":{"rendered":"http:\/\/mauroefrancesca.it\/w\/?post_type=product&#038;p=486"},"modified":"2018-05-17T07:50:17","modified_gmt":"2018-05-17T05:50:17","slug":"videoproiettore-artlii-led-lcd-hd-portatile-proiettore-3200-lumen-supporto-1080p-home-cinema-ufficio-riunioni-educazione-presentazione-per-il-iphone-smartphone-tablet-pc-computer-proiettore","status":"publish","type":"product","link":"http:\/\/mauroefrancesca.it\/w\/prodotto\/videoproiettore-artlii-led-lcd-hd-portatile-proiettore-3200-lumen-supporto-1080p-home-cinema-ufficio-riunioni-educazione-presentazione-per-il-iphone-smartphone-tablet-pc-computer-proiettore\/","title":{"rendered":"Videoproiettore, Artlii Led Lcd HD Portatile proiettore 3200"},"content":{"rendered":"","protected":false},"excerpt":{"rendered":"<p>Godetevi un&#8217;esperienza visiva straordinaria\uff1a Questo proiettore video Artlii HD visualizza immagini molto luminose. \u00c8 cinque volte pi\u00f9 luminoso rispetto agli altri proiettori ordinari; Puoi godere di immagini nitide e nitide, con colori vivaci e nitidi. Inoltre, puoi creare uno straordinario schermo da 150 &#8220;, ma richiede solo 16,5 piedi di distanza di distanza. Puoi portare i tuoi film preferiti, i giochi, le partite sul grande schermo per godere .<br \/>\nCreato per l&#8217;intrattenimento domestico\uff1a Questo proiettore Home Cinema Artlii \u00e8 ideale per il cinema di casa e cortile, guardare film, guardare spettacoli televisivi, visualizzare musica, immagini e video in streaming, mostrare album di foto, navigare siti web, giocare a partito, Godere di partite di calcio, ecc.<br \/>\nDispositivi compatibili: Questo proiettore video Artlii HD \u00e8 dotato di alcune interfacce versatili.Cos\u00ec pu\u00f2 essere collegato al vostro Fire TV Stick, Chromecast, giocatori STB, PC, laptop, desktop, TV, TDT, lettori DVD, Blu- Ray, stereo, fotocamera, altoparlante, iPhone, iPad, Mac, Android Smartphone, tablet, PS4, PS3, XBOX, ecc.<br \/>\nAltoparlante incorporato, correzione fisica manuale, Long Life Span: Questo proiettore Artlii HD \u00e8 costruito in un altoparlante forte. Questo altoparlante fornir\u00e0 un suono potente e cristallino. Inoltre, \u00e8 dotato di correzione fisica manuale a 40 \u00b0 , Quindi non preoccupatevi delle immagini distorte. Inoltre, la durata della lampada principale \u00e8 di 50000 ore. Anche se si guarda ogni giorno un film di 5 ore, la lampada a LED pu\u00f2 durare oltre 25 anni.<br \/>\nGaranzia gratuita di 3 anni; 100% rimborso completo: Una garanzia di 3 anni sar\u00e0 disponibile dopo aver scelto il nostro proiettore Home Cinema di Artlii HD. Inoltre, il rimborso completo del 100% sar\u00e0 restituito se non siete soddisfatti. Quindi non ti preoccupare. Scegli questo proiettore HD per godervi.<\/p>\n","protected":false},"featured_media":487,"template":"","meta":[],"yoast_head":"<!-- This site is optimized with the Yoast SEO plugin v22.7 - https:\/\/yoast.com\/wordpress\/plugins\/seo\/ -->\n<title>Videoproiettore, Artlii Led Lcd HD Portatile proiettore 3200 -<\/title>\n<meta name=\"robots\" content=\"index, follow, max-snippet:-1, max-image-preview:large, max-video-preview:-1\" \/>\n<link rel=\"canonical\" href=\"http:\/\/mauroefrancesca.it\/w\/prodotto\/videoproiettore-artlii-led-lcd-hd-portatile-proiettore-3200-lumen-supporto-1080p-home-cinema-ufficio-riunioni-educazione-presentazione-per-il-iphone-smartphone-tablet-pc-computer-proiettore\/\" \/>\n<meta property=\"og:locale\" content=\"it_IT\" \/>\n<meta property=\"og:type\" content=\"article\" \/>\n<meta property=\"og:title\" content=\"Videoproiettore, Artlii Led Lcd HD Portatile proiettore 3200 -\" \/>\n<meta property=\"og:description\" content=\"Godetevi un&#039;esperienza visiva straordinaria\uff1a Questo proiettore video Artlii HD visualizza immagini molto luminose. \u00c8 cinque volte pi\u00f9 luminoso rispetto agli altri proiettori ordinari; Puoi godere di immagini nitide e nitide, con colori vivaci e nitidi. Inoltre, puoi creare uno straordinario schermo da 150 &quot;, ma richiede solo 16,5 piedi di distanza di distanza. Puoi portare i tuoi film preferiti, i giochi, le partite sul grande schermo per godere . Creato per l&#039;intrattenimento domestico\uff1a Questo proiettore Home Cinema Artlii \u00e8 ideale per il cinema di casa e cortile, guardare film, guardare spettacoli televisivi, visualizzare musica, immagini e video in streaming, mostrare album di foto, navigare siti web, giocare a partito, Godere di partite di calcio, ecc. Dispositivi compatibili: Questo proiettore video Artlii HD \u00e8 dotato di alcune interfacce versatili.Cos\u00ec pu\u00f2 essere collegato al vostro Fire TV Stick, Chromecast, giocatori STB, PC, laptop, desktop, TV, TDT, lettori DVD, Blu- Ray, stereo, fotocamera, altoparlante, iPhone, iPad, Mac, Android Smartphone, tablet, PS4, PS3, XBOX, ecc. Altoparlante incorporato, correzione fisica manuale, Long Life Span: Questo proiettore Artlii HD \u00e8 costruito in un altoparlante forte. Questo altoparlante fornir\u00e0 un suono potente e cristallino. Inoltre, \u00e8 dotato di correzione fisica manuale a 40 \u00b0 , Quindi non preoccupatevi delle immagini distorte. Inoltre, la durata della lampada principale \u00e8 di 50000 ore. Anche se si guarda ogni giorno un film di 5 ore, la lampada a LED pu\u00f2 durare oltre 25 anni. Garanzia gratuita di 3 anni; 100% rimborso completo: Una garanzia di 3 anni sar\u00e0 disponibile dopo aver scelto il nostro proiettore Home Cinema di Artlii HD. Inoltre, il rimborso completo del 100% sar\u00e0 restituito se non siete soddisfatti. Quindi non ti preoccupare. Scegli questo proiettore HD per godervi.\" \/>\n<meta property=\"og:url\" content=\"http:\/\/mauroefrancesca.it\/w\/prodotto\/videoproiettore-artlii-led-lcd-hd-portatile-proiettore-3200-lumen-supporto-1080p-home-cinema-ufficio-riunioni-educazione-presentazione-per-il-iphone-smartphone-tablet-pc-computer-proiettore\/\" \/>\n<meta property=\"article:modified_time\" content=\"2018-05-17T05:50:17+00:00\" \/>\n<meta property=\"og:image\" content=\"http:\/\/mauroefrancesca.it\/w\/wp-content\/uploads\/2018\/04\/817Yjj6LBL._SL1500_.jpg\" \/>\n\t<meta property=\"og:image:width\" content=\"1500\" \/>\n\t<meta property=\"og:image:height\" content=\"1500\" \/>\n\t<meta property=\"og:image:type\" content=\"image\/jpeg\" \/>\n<meta name=\"twitter:card\" content=\"summary_large_image\" \/>\n<script type=\"application\/ld+json\" class=\"yoast-schema-graph\">{\"@context\":\"https:\/\/schema.org\",\"@graph\":[{\"@type\":\"WebPage\",\"@id\":\"http:\/\/mauroefrancesca.it\/w\/prodotto\/videoproiettore-artlii-led-lcd-hd-portatile-proiettore-3200-lumen-supporto-1080p-home-cinema-ufficio-riunioni-educazione-presentazione-per-il-iphone-smartphone-tablet-pc-computer-proiettore\/\",\"url\":\"http:\/\/mauroefrancesca.it\/w\/prodotto\/videoproiettore-artlii-led-lcd-hd-portatile-proiettore-3200-lumen-supporto-1080p-home-cinema-ufficio-riunioni-educazione-presentazione-per-il-iphone-smartphone-tablet-pc-computer-proiettore\/\",\"name\":\"Videoproiettore, Artlii Led Lcd HD Portatile proiettore 3200 -\",\"isPartOf\":{\"@id\":\"http:\/\/mauroefrancesca.it\/w\/#website\"},\"primaryImageOfPage\":{\"@id\":\"http:\/\/mauroefrancesca.it\/w\/prodotto\/videoproiettore-artlii-led-lcd-hd-portatile-proiettore-3200-lumen-supporto-1080p-home-cinema-ufficio-riunioni-educazione-presentazione-per-il-iphone-smartphone-tablet-pc-computer-proiettore\/#primaryimage\"},\"image\":{\"@id\":\"http:\/\/mauroefrancesca.it\/w\/prodotto\/videoproiettore-artlii-led-lcd-hd-portatile-proiettore-3200-lumen-supporto-1080p-home-cinema-ufficio-riunioni-educazione-presentazione-per-il-iphone-smartphone-tablet-pc-computer-proiettore\/#primaryimage\"},\"thumbnailUrl\":\"http:\/\/mauroefrancesca.it\/w\/wp-content\/uploads\/2018\/04\/817Yjj6LBL._SL1500_.jpg\",\"datePublished\":\"2018-04-27T13:22:51+00:00\",\"dateModified\":\"2018-05-17T05:50:17+00:00\",\"breadcrumb\":{\"@id\":\"http:\/\/mauroefrancesca.it\/w\/prodotto\/videoproiettore-artlii-led-lcd-hd-portatile-proiettore-3200-lumen-supporto-1080p-home-cinema-ufficio-riunioni-educazione-presentazione-per-il-iphone-smartphone-tablet-pc-computer-proiettore\/#breadcrumb\"},\"inLanguage\":\"it-IT\",\"potentialAction\":[{\"@type\":\"ReadAction\",\"target\":[\"http:\/\/mauroefrancesca.it\/w\/prodotto\/videoproiettore-artlii-led-lcd-hd-portatile-proiettore-3200-lumen-supporto-1080p-home-cinema-ufficio-riunioni-educazione-presentazione-per-il-iphone-smartphone-tablet-pc-computer-proiettore\/\"]}]},{\"@type\":\"ImageObject\",\"inLanguage\":\"it-IT\",\"@id\":\"http:\/\/mauroefrancesca.it\/w\/prodotto\/videoproiettore-artlii-led-lcd-hd-portatile-proiettore-3200-lumen-supporto-1080p-home-cinema-ufficio-riunioni-educazione-presentazione-per-il-iphone-smartphone-tablet-pc-computer-proiettore\/#primaryimage\",\"url\":\"http:\/\/mauroefrancesca.it\/w\/wp-content\/uploads\/2018\/04\/817Yjj6LBL._SL1500_.jpg\",\"contentUrl\":\"http:\/\/mauroefrancesca.it\/w\/wp-content\/uploads\/2018\/04\/817Yjj6LBL._SL1500_.jpg\",\"width\":1500,\"height\":1500},{\"@type\":\"BreadcrumbList\",\"@id\":\"http:\/\/mauroefrancesca.it\/w\/prodotto\/videoproiettore-artlii-led-lcd-hd-portatile-proiettore-3200-lumen-supporto-1080p-home-cinema-ufficio-riunioni-educazione-presentazione-per-il-iphone-smartphone-tablet-pc-computer-proiettore\/#breadcrumb\",\"itemListElement\":[{\"@type\":\"ListItem\",\"position\":1,\"name\":\"Home\",\"item\":\"http:\/\/mauroefrancesca.it\/w\/\"},{\"@type\":\"ListItem\",\"position\":2,\"name\":\"Videoproiettore, Artlii Led Lcd HD Portatile proiettore 3200\"}]},{\"@type\":\"WebSite\",\"@id\":\"http:\/\/mauroefrancesca.it\/w\/#website\",\"url\":\"http:\/\/mauroefrancesca.it\/w\/\",\"name\":\"Mauro e Francesca\",\"description\":\"Mauro &amp; Francesca - Wedding Day\",\"potentialAction\":[{\"@type\":\"SearchAction\",\"target\":{\"@type\":\"EntryPoint\",\"urlTemplate\":\"http:\/\/mauroefrancesca.it\/w\/?s={search_term_string}\"},\"query-input\":\"required name=search_term_string\"}],\"inLanguage\":\"it-IT\"}]}<\/script>\n<!-- \/ Yoast SEO plugin. -->","yoast_head_json":{"title":"Videoproiettore, Artlii Led Lcd HD Portatile proiettore 3200 -","robots":{"index":"index","follow":"follow","max-snippet":"max-snippet:-1","max-image-preview":"max-image-preview:large","max-video-preview":"max-video-preview:-1"},"canonical":"http:\/\/mauroefrancesca.it\/w\/prodotto\/videoproiettore-artlii-led-lcd-hd-portatile-proiettore-3200-lumen-supporto-1080p-home-cinema-ufficio-riunioni-educazione-presentazione-per-il-iphone-smartphone-tablet-pc-computer-proiettore\/","og_locale":"it_IT","og_type":"article","og_title":"Videoproiettore, Artlii Led Lcd HD Portatile proiettore 3200 -","og_description":"Godetevi un'esperienza visiva straordinaria\uff1a Questo proiettore video Artlii HD visualizza immagini molto luminose. \u00c8 cinque volte pi\u00f9 luminoso rispetto agli altri proiettori ordinari; Puoi godere di immagini nitide e nitide, con colori vivaci e nitidi. Inoltre, puoi creare uno straordinario schermo da 150 \", ma richiede solo 16,5 piedi di distanza di distanza. Puoi portare i tuoi film preferiti, i giochi, le partite sul grande schermo per godere . Creato per l'intrattenimento domestico\uff1a Questo proiettore Home Cinema Artlii \u00e8 ideale per il cinema di casa e cortile, guardare film, guardare spettacoli televisivi, visualizzare musica, immagini e video in streaming, mostrare album di foto, navigare siti web, giocare a partito, Godere di partite di calcio, ecc. Dispositivi compatibili: Questo proiettore video Artlii HD \u00e8 dotato di alcune interfacce versatili.Cos\u00ec pu\u00f2 essere collegato al vostro Fire TV Stick, Chromecast, giocatori STB, PC, laptop, desktop, TV, TDT, lettori DVD, Blu- Ray, stereo, fotocamera, altoparlante, iPhone, iPad, Mac, Android Smartphone, tablet, PS4, PS3, XBOX, ecc. Altoparlante incorporato, correzione fisica manuale, Long Life Span: Questo proiettore Artlii HD \u00e8 costruito in un altoparlante forte. Questo altoparlante fornir\u00e0 un suono potente e cristallino. Inoltre, \u00e8 dotato di correzione fisica manuale a 40 \u00b0 , Quindi non preoccupatevi delle immagini distorte. Inoltre, la durata della lampada principale \u00e8 di 50000 ore. Anche se si guarda ogni giorno un film di 5 ore, la lampada a LED pu\u00f2 durare oltre 25 anni. Garanzia gratuita di 3 anni; 100% rimborso completo: Una garanzia di 3 anni sar\u00e0 disponibile dopo aver scelto il nostro proiettore Home Cinema di Artlii HD. Inoltre, il rimborso completo del 100% sar\u00e0 restituito se non siete soddisfatti. Quindi non ti preoccupare. Scegli questo proiettore HD per godervi.","og_url":"http:\/\/mauroefrancesca.it\/w\/prodotto\/videoproiettore-artlii-led-lcd-hd-portatile-proiettore-3200-lumen-supporto-1080p-home-cinema-ufficio-riunioni-educazione-presentazione-per-il-iphone-smartphone-tablet-pc-computer-proiettore\/","article_modified_time":"2018-05-17T05:50:17+00:00","og_image":[{"width":1500,"height":1500,"url":"http:\/\/mauroefrancesca.it\/w\/wp-content\/uploads\/2018\/04\/817Yjj6LBL._SL1500_.jpg","type":"image\/jpeg"}],"twitter_card":"summary_large_image","schema":{"@context":"https:\/\/schema.org","@graph":[{"@type":"WebPage","@id":"http:\/\/mauroefrancesca.it\/w\/prodotto\/videoproiettore-artlii-led-lcd-hd-portatile-proiettore-3200-lumen-supporto-1080p-home-cinema-ufficio-riunioni-educazione-presentazione-per-il-iphone-smartphone-tablet-pc-computer-proiettore\/","url":"http:\/\/mauroefrancesca.it\/w\/prodotto\/videoproiettore-artlii-led-lcd-hd-portatile-proiettore-3200-lumen-supporto-1080p-home-cinema-ufficio-riunioni-educazione-presentazione-per-il-iphone-smartphone-tablet-pc-computer-proiettore\/","name":"Videoproiettore, Artlii Led Lcd HD Portatile proiettore 3200 -","isPartOf":{"@id":"http:\/\/mauroefrancesca.it\/w\/#website"},"primaryImageOfPage":{"@id":"http:\/\/mauroefrancesca.it\/w\/prodotto\/videoproiettore-artlii-led-lcd-hd-portatile-proiettore-3200-lumen-supporto-1080p-home-cinema-ufficio-riunioni-educazione-presentazione-per-il-iphone-smartphone-tablet-pc-computer-proiettore\/#primaryimage"},"image":{"@id":"http:\/\/mauroefrancesca.it\/w\/prodotto\/videoproiettore-artlii-led-lcd-hd-portatile-proiettore-3200-lumen-supporto-1080p-home-cinema-ufficio-riunioni-educazione-presentazione-per-il-iphone-smartphone-tablet-pc-computer-proiettore\/#primaryimage"},"thumbnailUrl":"http:\/\/mauroefrancesca.it\/w\/wp-content\/uploads\/2018\/04\/817Yjj6LBL._SL1500_.jpg","datePublished":"2018-04-27T13:22:51+00:00","dateModified":"2018-05-17T05:50:17+00:00","breadcrumb":{"@id":"http:\/\/mauroefrancesca.it\/w\/prodotto\/videoproiettore-artlii-led-lcd-hd-portatile-proiettore-3200-lumen-supporto-1080p-home-cinema-ufficio-riunioni-educazione-presentazione-per-il-iphone-smartphone-tablet-pc-computer-proiettore\/#breadcrumb"},"inLanguage":"it-IT","potentialAction":[{"@type":"ReadAction","target":["http:\/\/mauroefrancesca.it\/w\/prodotto\/videoproiettore-artlii-led-lcd-hd-portatile-proiettore-3200-lumen-supporto-1080p-home-cinema-ufficio-riunioni-educazione-presentazione-per-il-iphone-smartphone-tablet-pc-computer-proiettore\/"]}]},{"@type":"ImageObject","inLanguage":"it-IT","@id":"http:\/\/mauroefrancesca.it\/w\/prodotto\/videoproiettore-artlii-led-lcd-hd-portatile-proiettore-3200-lumen-supporto-1080p-home-cinema-ufficio-riunioni-educazione-presentazione-per-il-iphone-smartphone-tablet-pc-computer-proiettore\/#primaryimage","url":"http:\/\/mauroefrancesca.it\/w\/wp-content\/uploads\/2018\/04\/817Yjj6LBL._SL1500_.jpg","contentUrl":"http:\/\/mauroefrancesca.it\/w\/wp-content\/uploads\/2018\/04\/817Yjj6LBL._SL1500_.jpg","width":1500,"height":1500},{"@type":"BreadcrumbList","@id":"http:\/\/mauroefrancesca.it\/w\/prodotto\/videoproiettore-artlii-led-lcd-hd-portatile-proiettore-3200-lumen-supporto-1080p-home-cinema-ufficio-riunioni-educazione-presentazione-per-il-iphone-smartphone-tablet-pc-computer-proiettore\/#breadcrumb","itemListElement":[{"@type":"ListItem","position":1,"name":"Home","item":"http:\/\/mauroefrancesca.it\/w\/"},{"@type":"ListItem","position":2,"name":"Videoproiettore, Artlii Led Lcd HD Portatile proiettore 3200"}]},{"@type":"WebSite","@id":"http:\/\/mauroefrancesca.it\/w\/#website","url":"http:\/\/mauroefrancesca.it\/w\/","name":"Mauro e Francesca","description":"Mauro &amp; Francesca - Wedding Day","potentialAction":[{"@type":"SearchAction","target":{"@type":"EntryPoint","urlTemplate":"http:\/\/mauroefrancesca.it\/w\/?s={search_term_string}"},"query-input":"required name=search_term_string"}],"inLanguage":"it-IT"}]}},"_links":{"self":[{"href":"http:\/\/mauroefrancesca.it\/w\/wp-json\/wp\/v2\/product\/486"}],"collection":[{"href":"http:\/\/mauroefrancesca.it\/w\/wp-json\/wp\/v2\/product"}],"about":[{"href":"http:\/\/mauroefrancesca.it\/w\/wp-json\/wp\/v2\/types\/product"}],"wp:featuredmedia":[{"embeddable":true,"href":"http:\/\/mauroefrancesca.it\/w\/wp-json\/wp\/v2\/media\/487"}],"wp:attachment":[{"href":"http:\/\/mauroefrancesca.it\/w\/wp-json\/wp\/v2\/media?parent=486"}],"curies":[{"name":"wp","href":"https:\/\/api.w.org\/{rel}","templated":true}]}}