{"id":647,"date":"2018-05-08T02:16:06","date_gmt":"2018-05-08T00:16:06","guid":{"rendered":"http:\/\/mauroefrancesca.it\/w\/?page_id=647"},"modified":"2018-05-08T16:56:22","modified_gmt":"2018-05-08T14:56:22","slug":"la-cerimonia","status":"publish","type":"page","link":"http:\/\/mauroefrancesca.it\/w\/la-cerimonia\/","title":{"rendered":"La Cerimonia"},"content":{"rendered":"<p>[vc_row][vc_column][vc_custom_heading text=&#8221;La Cerimonia&#8221; font_container=&#8221;tag:h3|text_align:left&#8221;][\/vc_column][\/vc_row][vc_row][vc_column][vc_column_text]<\/p>\n<p style=\"text-align: justify;\">La cerimonia religiosa prender\u00e0 il via alle ore 16,30 del 16 giugno 2018, nel Duomo di Avellino, l\u2019edificio di culto pi\u00f9 importante, conosciuto come Cattedrale dell\u2019Assunta e di San Modestino.<\/p>\n<p style=\"text-align: justify;\">Gli ospiti avranno modo di visitare e ammirare un vero gioiello d&#8217;arte, la cui costruzione risale al 1132.<\/p>\n<p style=\"text-align: justify;\">La facciata, in elegante marmo bianco e grigio, \u00e8 in stile neoclassico e fu disegnata dall\u2019architetto Pasquale Cardola intorno al 1860.<br \/>\nL&#8217;interno della Cattedrale, a croce latina, presenta tre navate e dieci cappelle laterali. Importante il soffitto a cassettoni della navata centrale realizzato nel Settecento.<\/p>\n<p style=\"text-align: justify;\">All&#8217;interno si trovano pitture su intonaco di Achille Iovine, il magnifico quadro dell&#8217;adorazione dei Magi di Marco Pino da Siena del tardo 1500. Si pu\u00f2 ammirare un reliquiario contenente alcune sacre spine e un pezzetto della croce. Ci sono inoltre quadri del Ricciardi, senza tralasciare l&#8217;artistica statua dell&#8217;Assunta, opera di Nicola Fumo da Baronissi.<\/p>\n<p style=\"text-align: justify;\">Il soffitto \u00e8 cassettonato con al centro un quadro della madonna Assunta, anche questo opera del Ricciardi. Ma la parte pi\u00f9 bella e artistica del duomo \u00e8 l&#8217;abside, al cui centro c&#8217;\u00e8 l&#8217;altare monumentale e tutt&#8217;intorno uno splendido coro ligneo eseguito probabilmente nel 1500.<\/p>\n<p style=\"text-align: justify;\">\u00c8 dal transetto della chiesa che si accede al nucleo pi\u00f9 antico del Duomo: la Cripta, risalente al VI secolo, rappresenta la piccola chiesa di Santa Maria dei Sette Dolori, chiamata anche Cripta dell\u2019Addolorata. Alzando lo sguardo all\u2019ins\u00f9, nel soffitto, si osservano affreschi settecenteschi di Angelo Michele Ricciardi.<\/p>\n<p>[\/vc_column_text][\/vc_column][\/vc_row][vc_row][vc_column width=&#8221;1\/2&#8243;][vc_single_image image=&#8221;658&#8243; img_size=&#8221;full&#8221;][\/vc_column][vc_column width=&#8221;1\/2&#8243;][vc_single_image image=&#8221;656&#8243; img_size=&#8221;full&#8221;][\/vc_column][\/vc_row][vc_row][vc_column][vc_custom_heading text=&#8221;Come Raggiungere il Duomo&#8221;][\/vc_column][\/vc_row][vc_row][vc_column][vc_gmaps link=&#8221;#E-8_JTNDaWZyYW1lJTIwc3JjJTNEJTIyaHR0cHMlM0ElMkYlMkZ3d3cuZ29vZ2xlLmNvbSUyRm1hcHMlMkZlbWJlZCUzRnBiJTNEJTIxMW0xOCUyMTFtMTIlMjExbTMlMjExZDMwMTUuMDA4NDc4NjE1MzI0MyUyMTJkMTQuNzk0MjYxMzE1NDExMTY0JTIxM2Q0MC45MTU1NTk5NzkzMTAxOSUyMTJtMyUyMTFmMCUyMTJmMCUyMTNmMCUyMTNtMiUyMTFpMTAyNCUyMTJpNzY4JTIxNGYxMy4xJTIxM20zJTIxMW0yJTIxMXMweDEzM2JjYzUzNzIzODBlODUlMjUzQTB4Yjc1NTUyOGFlNDdjNTAzMiUyMTJzUGlhenphJTJCRHVvbW8lMjUyQyUyQjUlMjUyQyUyQjgzMTAwJTJCQXZlbGxpbm8lMkJBViUyMTVlMCUyMTNtMiUyMTFzaXQlMjEyc2l0JTIxNHYxNTI1Nzc5ODI1Mzg1JTIyJTIwd2lkdGglM0QlMjI2MDAlMjIlMjBoZWlnaHQlM0QlMjI0NTAlMjIlMjBmcmFtZWJvcmRlciUzRCUyMjAlMjIlMjBzdHlsZSUzRCUyMmJvcmRlciUzQTAlMjIlMjBhbGxvd2Z1bGxzY3JlZW4lM0UlM0MlMkZpZnJhbWUlM0U=&#8221;][\/vc_column][\/vc_row][vc_row][vc_column][vc_column_text]<\/p>\n<h5>Piazza Duomo, 5,<br \/>\n83100 Avellino (AV)<br \/>\nTELEFONO: +39 0825 74487<\/h5>\n<p>[\/vc_column_text][\/vc_column][\/vc_row]<\/p>\n","protected":false},"excerpt":{"rendered":"<p>[vc_row][vc_column][vc_custom_heading text=&#8221;La Cerimonia&#8221; font_container=&#8221;tag:h3|text_align:left&#8221;][\/vc_column][\/vc_row][vc_row][vc_column][vc_column_text] La cerimonia religiosa prender\u00e0 il via alle ore 16,30 del 16 giugno 2018, nel Duomo di Avellino, l\u2019edificio di culto pi\u00f9 importante, conosciuto come Cattedrale dell\u2019Assunta e di San Modestino. Gli ospiti avranno modo di visitare e ammirare un vero gioiello d&#8217;arte, la cui costruzione risale al 1132. La facciata, in [&hellip;]<\/p>\n","protected":false},"author":1,"featured_media":0,"parent":0,"menu_order":0,"comment_status":"closed","ping_status":"closed","template":"","meta":{"footnotes":""},"yoast_head":"<!-- This site is optimized with the Yoast SEO plugin v22.7 - https:\/\/yoast.com\/wordpress\/plugins\/seo\/ -->\n<title>La Cerimonia -<\/title>\n<meta name=\"robots\" content=\"index, follow, max-snippet:-1, max-image-preview:large, max-video-preview:-1\" \/>\n<link rel=\"canonical\" href=\"http:\/\/mauroefrancesca.it\/w\/la-cerimonia\/\" \/>\n<meta property=\"og:locale\" content=\"it_IT\" \/>\n<meta property=\"og:type\" content=\"article\" \/>\n<meta property=\"og:title\" content=\"La Cerimonia -\" \/>\n<meta property=\"og:description\" content=\"[vc_row][vc_column][vc_custom_heading text=&#8221;La Cerimonia&#8221; font_container=&#8221;tag:h3|text_align:left&#8221;][\/vc_column][\/vc_row][vc_row][vc_column][vc_column_text] La cerimonia religiosa prender\u00e0 il via alle ore 16,30 del 16 giugno 2018, nel Duomo di Avellino, l\u2019edificio di culto pi\u00f9 importante, conosciuto come Cattedrale dell\u2019Assunta e di San Modestino. Gli ospiti avranno modo di visitare e ammirare un vero gioiello d&#8217;arte, la cui costruzione risale al 1132. La facciata, in [&hellip;]\" \/>\n<meta property=\"og:url\" content=\"http:\/\/mauroefrancesca.it\/w\/la-cerimonia\/\" \/>\n<meta property=\"article:modified_time\" content=\"2018-05-08T14:56:22+00:00\" \/>\n<meta name=\"twitter:card\" content=\"summary_large_image\" \/>\n<meta name=\"twitter:label1\" content=\"Tempo di lettura stimato\" \/>\n\t<meta name=\"twitter:data1\" content=\"2 minuti\" \/>\n<script type=\"application\/ld+json\" class=\"yoast-schema-graph\">{\"@context\":\"https:\/\/schema.org\",\"@graph\":[{\"@type\":\"WebPage\",\"@id\":\"http:\/\/mauroefrancesca.it\/w\/la-cerimonia\/\",\"url\":\"http:\/\/mauroefrancesca.it\/w\/la-cerimonia\/\",\"name\":\"La Cerimonia -\",\"isPartOf\":{\"@id\":\"http:\/\/mauroefrancesca.it\/w\/#website\"},\"datePublished\":\"2018-05-08T00:16:06+00:00\",\"dateModified\":\"2018-05-08T14:56:22+00:00\",\"breadcrumb\":{\"@id\":\"http:\/\/mauroefrancesca.it\/w\/la-cerimonia\/#breadcrumb\"},\"inLanguage\":\"it-IT\",\"potentialAction\":[{\"@type\":\"ReadAction\",\"target\":[\"http:\/\/mauroefrancesca.it\/w\/la-cerimonia\/\"]}]},{\"@type\":\"BreadcrumbList\",\"@id\":\"http:\/\/mauroefrancesca.it\/w\/la-cerimonia\/#breadcrumb\",\"itemListElement\":[{\"@type\":\"ListItem\",\"position\":1,\"name\":\"Home\",\"item\":\"http:\/\/mauroefrancesca.it\/w\/\"},{\"@type\":\"ListItem\",\"position\":2,\"name\":\"La Cerimonia\"}]},{\"@type\":\"WebSite\",\"@id\":\"http:\/\/mauroefrancesca.it\/w\/#website\",\"url\":\"http:\/\/mauroefrancesca.it\/w\/\",\"name\":\"Mauro e Francesca\",\"description\":\"Mauro &amp; Francesca - Wedding Day\",\"potentialAction\":[{\"@type\":\"SearchAction\",\"target\":{\"@type\":\"EntryPoint\",\"urlTemplate\":\"http:\/\/mauroefrancesca.it\/w\/?s={search_term_string}\"},\"query-input\":\"required name=search_term_string\"}],\"inLanguage\":\"it-IT\"}]}<\/script>\n<!-- \/ Yoast SEO plugin. -->","yoast_head_json":{"title":"La Cerimonia -","robots":{"index":"index","follow":"follow","max-snippet":"max-snippet:-1","max-image-preview":"max-image-preview:large","max-video-preview":"max-video-preview:-1"},"canonical":"http:\/\/mauroefrancesca.it\/w\/la-cerimonia\/","og_locale":"it_IT","og_type":"article","og_title":"La Cerimonia -","og_description":"[vc_row][vc_column][vc_custom_heading text=&#8221;La Cerimonia&#8221; font_container=&#8221;tag:h3|text_align:left&#8221;][\/vc_column][\/vc_row][vc_row][vc_column][vc_column_text] La cerimonia religiosa prender\u00e0 il via alle ore 16,30 del 16 giugno 2018, nel Duomo di Avellino, l\u2019edificio di culto pi\u00f9 importante, conosciuto come Cattedrale dell\u2019Assunta e di San Modestino. Gli ospiti avranno modo di visitare e ammirare un vero gioiello d&#8217;arte, la cui costruzione risale al 1132. La facciata, in [&hellip;]","og_url":"http:\/\/mauroefrancesca.it\/w\/la-cerimonia\/","article_modified_time":"2018-05-08T14:56:22+00:00","twitter_card":"summary_large_image","twitter_misc":{"Tempo di lettura stimato":"2 minuti"},"schema":{"@context":"https:\/\/schema.org","@graph":[{"@type":"WebPage","@id":"http:\/\/mauroefrancesca.it\/w\/la-cerimonia\/","url":"http:\/\/mauroefrancesca.it\/w\/la-cerimonia\/","name":"La Cerimonia -","isPartOf":{"@id":"http:\/\/mauroefrancesca.it\/w\/#website"},"datePublished":"2018-05-08T00:16:06+00:00","dateModified":"2018-05-08T14:56:22+00:00","breadcrumb":{"@id":"http:\/\/mauroefrancesca.it\/w\/la-cerimonia\/#breadcrumb"},"inLanguage":"it-IT","potentialAction":[{"@type":"ReadAction","target":["http:\/\/mauroefrancesca.it\/w\/la-cerimonia\/"]}]},{"@type":"BreadcrumbList","@id":"http:\/\/mauroefrancesca.it\/w\/la-cerimonia\/#breadcrumb","itemListElement":[{"@type":"ListItem","position":1,"name":"Home","item":"http:\/\/mauroefrancesca.it\/w\/"},{"@type":"ListItem","position":2,"name":"La Cerimonia"}]},{"@type":"WebSite","@id":"http:\/\/mauroefrancesca.it\/w\/#website","url":"http:\/\/mauroefrancesca.it\/w\/","name":"Mauro e Francesca","description":"Mauro &amp; Francesca - Wedding Day","potentialAction":[{"@type":"SearchAction","target":{"@type":"EntryPoint","urlTemplate":"http:\/\/mauroefrancesca.it\/w\/?s={search_term_string}"},"query-input":"required name=search_term_string"}],"inLanguage":"it-IT"}]}},"_links":{"self":[{"href":"http:\/\/mauroefrancesca.it\/w\/wp-json\/wp\/v2\/pages\/647"}],"collection":[{"href":"http:\/\/mauroefrancesca.it\/w\/wp-json\/wp\/v2\/pages"}],"about":[{"href":"http:\/\/mauroefrancesca.it\/w\/wp-json\/wp\/v2\/types\/page"}],"author":[{"embeddable":true,"href":"http:\/\/mauroefrancesca.it\/w\/wp-json\/wp\/v2\/users\/1"}],"replies":[{"embeddable":true,"href":"http:\/\/mauroefrancesca.it\/w\/wp-json\/wp\/v2\/comments?post=647"}],"version-history":[{"count":19,"href":"http:\/\/mauroefrancesca.it\/w\/wp-json\/wp\/v2\/pages\/647\/revisions"}],"predecessor-version":[{"id":722,"href":"http:\/\/mauroefrancesca.it\/w\/wp-json\/wp\/v2\/pages\/647\/revisions\/722"}],"wp:attachment":[{"href":"http:\/\/mauroefrancesca.it\/w\/wp-json\/wp\/v2\/media?parent=647"}],"curies":[{"name":"wp","href":"https:\/\/api.w.org\/{rel}","templated":true}]}}